{"id":7813,"date":"2023-04-26T17:07:53","date_gmt":"2023-04-26T17:07:53","guid":{"rendered":"https:\/\/euro-clear.eu\/shop\/?post_type=product&#038;p=7813"},"modified":"2024-01-11T14:28:02","modified_gmt":"2024-01-11T14:28:02","slug":"uv-lampa-aquaz-vh150-vizfertotlenito-berendezeshez","status":"publish","type":"product","link":"https:\/\/e-c.22projects.sk\/shop\/termek\/uv-lampa-aquaz-vh150-vizfertotlenito-berendezeshez\/","title":{"rendered":"UV l\u00e1mpa Aquaz VH150 v\u00edzfert\u0151tlen\u00edt\u0151 berendez\u00e9shez"},"content":{"rendered":"<p>A VIQUA a vil\u00e1g vezet\u0151 lakoss\u00e1gi \u00e9s kiskereskedelmi UV v\u00edzfert\u0151tlen\u00edt\u0151 rendszereinek sz\u00e1ll\u00edt\u00f3ja, amely kezelt vizet biztos\u00edt vegyszerek haszn\u00e1lata n\u00e9lk\u00fcl.<\/p>\n<p>UV l\u00e1mp\u00e1nk az Aquaz VH150 v\u00edzfert\u0151tlen\u00edt\u0151 berendez\u00e9shez aj\u00e1nljuk.<\/p>\n<p><strong>Az UV fert\u0151tlen\u00edt\u00e9s hat\u00e9konys\u00e1g\u00e1nak meg\u0151rz\u00e9se \u00e9rdek\u00e9ben az UV l\u00e1mp\u00e1t \u00e9ves szinten cser\u00e9lni kell!<\/strong><\/p>\n<p><strong>Teljes\u00edtm\u00e9ny:<\/strong> 32 W (Watt)<\/p>\n","protected":false},"excerpt":{"rendered":"<p><strong>A term\u00e9k saj\u00e1toss\u00e1g\u00e1b\u00f3l fakad\u00f3an a term\u00e9ket t\u00f6r\u00e9kenyk\u00e9nt post\u00e1zzuk. A sz\u00e1ll\u00edt\u00e1sb\u00f3l ered\u0151 k\u00e1rok\u00e9rt c\u00e9g\u00fcnk nem tud felel\u0151ss\u00e9get v\u00e1llalni! <\/strong><\/p>\n<p><strong>K\u00e9r\u00fcnk t\u00e9ged, hogy a csomag \u00e1tv\u00e9telekor vizsg\u00e1ld meg, hogy a term\u00e9kek csomagol\u00e1sa, doboza s\u00e9rtetlen-e.<\/strong> <strong>Ha a term\u00e9k t\u00f6r\u00f6tten \u00e9rkezett hozz\u00e1d, jelezd a sz\u00e1ll\u00edt\u00e1st v\u00e9gz\u0151 sof\u0151rnek \u00e9s vegyetek fel jegyz\u0151k\u00f6nyvet. Csak akkor tudjuk \u00e9rv\u00e9nyes\u00edttetni a term\u00e9kbiztos\u00edt\u00e1st, ha azonnal jelzik a fut\u00e1rnak a s\u00e9r\u00fcl\u00e9st.<\/strong><\/p>\n<p><strong>Megnevez\u00e9s: <\/strong>UV l\u00e1mpa v\u00edzfert\u0151tlen\u00edt\u0151 berendez\u00e9shez<\/p>\n<p><strong>UV l\u00e1mpa \u00e9lettartam: <\/strong>9000 \u00f3ra<\/p>\n<p><strong>Teljes\u00edtm\u00e9ny: <\/strong>32 W (Watt)<\/p>\n<p><strong>Hossza: <\/strong>300\u00a0mm<\/p>\n<p><strong>\u00c1tm\u00e9r\u0151 m\u00e9ret: <\/strong>15\u00a0mm<\/p>\n","protected":false},"featured_media":7814,"template":"","meta":{"_acf_changed":false,"inline_featured_image":false},"product_cat":[29,126],"product_tag":[127],"class_list":{"0":"post-7813","1":"product","2":"type-product","3":"status-publish","4":"has-post-thumbnail","6":"product_cat-uv-berendezesek","7":"product_cat-uv-berendezes-alkatreszek","8":"product_tag-uvalkatresz","10":"first","11":"instock","12":"taxable","13":"shipping-taxable","14":"purchasable","15":"product-type-simple"},"acf":[],"_links":{"self":[{"href":"https:\/\/e-c.22projects.sk\/shop\/wp-json\/wp\/v2\/product\/7813","targetHints":{"allow":["GET"]}}],"collection":[{"href":"https:\/\/e-c.22projects.sk\/shop\/wp-json\/wp\/v2\/product"}],"about":[{"href":"https:\/\/e-c.22projects.sk\/shop\/wp-json\/wp\/v2\/types\/product"}],"wp:featuredmedia":[{"embeddable":true,"href":"https:\/\/e-c.22projects.sk\/shop\/wp-json\/wp\/v2\/media\/7814"}],"wp:attachment":[{"href":"https:\/\/e-c.22projects.sk\/shop\/wp-json\/wp\/v2\/media?parent=7813"}],"wp:term":[{"taxonomy":"product_cat","embeddable":true,"href":"https:\/\/e-c.22projects.sk\/shop\/wp-json\/wp\/v2\/product_cat?post=7813"},{"taxonomy":"product_tag","embeddable":true,"href":"https:\/\/e-c.22projects.sk\/shop\/wp-json\/wp\/v2\/product_tag?post=7813"}],"curies":[{"name":"wp","href":"https:\/\/api.w.org\/{rel}","templated":true}]}}