{"id":6607,"date":"2022-08-05T09:24:30","date_gmt":"2022-08-05T09:24:30","guid":{"rendered":"https:\/\/euro-clear.eu\/shop\/?post_type=product&#038;p=6607"},"modified":"2024-01-15T17:02:27","modified_gmt":"2024-01-15T17:02:27","slug":"bluesoft-pyrolox-toltetu-berendezes","status":"publish","type":"product","link":"https:\/\/e-c.22projects.sk\/shop\/termek\/bluesoft-pyrolox-toltetu-berendezes\/","title":{"rendered":"BlueSoft PA Pyrolox t\u00f6ltet\u0171 id\u0151vez\u00e9relt vas,- mang\u00e1nmentes\u00edt\u0151 berendez\u00e9s"},"content":{"rendered":"<h2>BlueSoft id\u0151vez\u00e9relt, automata visszamosat\u00e1s\u00fa Pyrolox t\u00f6ltet\u0171 vas-, \u00e9s mang\u00e1nmentes\u00edt\u0151 berendez\u00e9s<\/h2>\n<p>A vastalan\u00edt\u00e1s a m\u00e1sodik leggyakrabban alkalmazott v\u00edzkezel\u00e9si \u00e9s v\u00edztiszt\u00edt\u00e1si feladat a v\u00edzl\u00e1gy\u00edt\u00e1s ut\u00e1n. Magyarorsz\u00e1gra ugyanis jellemz\u0151, hogy a talajban l\u00e9v\u0151 r\u00e9tegvizek jelent\u0151s mennyis\u00e9gben tartalmaznak vasat. \u00c1ltal\u00e1ban akkor szembes\u00fcl\u00fcnk vele, hogy magas a vastartalom a v\u00edzben, amikor k\u00fatf\u00far\u00e1st k\u00f6vet\u0151en elk\u00e9sz\u00fcl a v\u00edzanalitika, vagy a v\u00edz elsz\u00ednez\u0151d\u00e9s\u00e9t, lerak\u00f3d\u00e1sokat vesz\u00fcnk \u00e9szre a v\u00edzzel \u00e9rintkez\u0151 fel\u00fcleteken. Magasabb koncentr\u00e1ci\u00f3 eset\u00e9n pedig m\u00e9g kellemetlen f\u00e9mes \u00edzt is ad a v\u00edznek. A v\u00edzm\u0171vek \u00e9s minden l\u00e9tes\u00edtm\u00e9ny, aki iv\u00f3v\u00edz szolg\u00e1ltat\u00e1st v\u00e9gez, a mindenkori hat\u00e1lyos rendeletben el\u0151\u00edrt iv\u00f3v\u00edzmin\u0151s\u00e9get kell, hogy betartsa. Ez nem azt jelenti, hogy \u201cvasmentes\u201d vizet kapunk, vagy azt kell el\u0151\u00e1ll\u00edtani. Ett\u0151l f\u00fcggetlen\u00fcl viszont vannak olyan technol\u00f3gi\u00e1k, alkalmaz\u00e1sok, ahol szinte teljes vastalan\u00edt\u00e1sra van sz\u00fcks\u00e9g, rendelett\u0151l f\u00fcggetlen\u00fcl.<\/p>\n<p><strong>Seg\u00e9dlet:<\/strong><br \/>\nVas egyen\u00e9rt\u00e9k(mg\/l) =1 x Fe tartalom(mg\/l)+ 2 x Mn tartalom (mg\/l)+ 5 x H2S (mg\/l)<\/p>\n<p>Sz\u0171r\u00e9si sebess\u00e9g meghat\u00e1roz\u00e1sa a vas egyen\u00e9rt\u00e9k alapj\u00e1n:<\/p>\n<table>\n<tbody>\n<tr>\n<th>Vas egyen\u00e9rt\u00e9k<\/th>\n<th>Sz\u0171r\u00e9si sebess\u00e9g<\/th>\n<\/tr>\n<tr>\n<td>0.2 mg\/l<\/td>\n<td>18 m\/h<\/td>\n<\/tr>\n<tr>\n<td>0.5 mg\/l<\/td>\n<td>15 m\/h<\/td>\n<\/tr>\n<tr>\n<td>1.0 mg\/l<\/td>\n<td>13 m\/h<\/td>\n<\/tr>\n<tr>\n<td>1.5 mg\/l<\/td>\n<td>12 m\/h<\/td>\n<\/tr>\n<tr>\n<td>2.0 mg\/l<\/td>\n<td>10 m\/h<\/td>\n<\/tr>\n<tr>\n<td>3.0 mg\/l<\/td>\n<td>8 m\/h<\/td>\n<\/tr>\n<\/tbody>\n<\/table>\n<p>Sz\u00fcks\u00e9ges sz\u0171r\u0151fel\u00fclet (m2) = T\u00e9rfogat\u00e1ram (m3\/h) \/ Sz\u0171r\u00e9si sebess\u00e9g (m\/h)<\/p>\n<p><strong>Pyrolox Advantage fontos \u00fczemi felt\u00e9telei:<\/strong><\/p>\n<table>\n<tbody>\n<tr>\n<td>Visszamosat\u00e1si t\u00e9rfogat\u00e1ram:<\/td>\n<td>30-45 m\/h<\/td>\n<\/tr>\n<tr>\n<td>\u00c1gymagass\u00e1g:<\/td>\n<td>30-45 cm<\/td>\n<\/tr>\n<tr>\n<td>V\u00edz pH-Tartom\u00e1ny:<\/td>\n<td>6,5 \u2013 9,0<\/td>\n<\/tr>\n<\/tbody>\n<\/table>\n","protected":false},"excerpt":{"rendered":"<h4><b>A term\u00e9k csomagol\u00e1si saj\u00e1toss\u00e1g\u00e1b\u00f3l ad\u00f3d\u00f3lag a berendez\u00e9st csak egy az \u00d6n \u00e1ltal kiv\u00e1lasztott \u00e1tv\u00e9teli pontra tudjuk kisz\u00e1ll\u00edtani! <\/b><\/h4>\n<h4><b>Az \u00d6n ig\u00e9nyeinek megfelel\u0151 k\u00e9sz\u00fcl\u00e9k kiv\u00e1laszt\u00e1s\u00e1hoz k\u00e9rj\u00fck, hogy k\u00e9rje \u00dcgyf\u00e9lszolg\u00e1latunk seg\u00edts\u00e9g\u00e9t! El\u0151zetesen k\u00e9sz\u00edttessen egy v\u00edzminta bevizsg\u00e1l\u00e1st, amelyet k\u00fcldj\u00f6n el \u00dcgyf\u00e9lszolg\u00e1latunk elektronikus el\u00e9rhet\u0151s\u00e9g\u00e9re!<\/b><\/h4>\n<p>Sokszor \u00fagy t\u0171nhet, hogy a vastalan\u00edt\u00e1s egy k\u00f6nny\u0171 v\u00edztiszt\u00edt\u00e1si \u00e9s sz\u0171r\u00e9si feladat (ami \u00e1ltal\u00e1ban igaz is), de ez nem mindig van \u00edgy.<br \/>\nA vastalan\u00edt\u00f3 berendez\u00e9s kiv\u00e1laszt\u00e1s\u00e1n\u00e1l t\u00f6bb param\u00e9tert is figyelembe kell venn\u00fcnk:<br \/>\nv\u00edz oldott vas-, mang\u00e1n-, \u00e9s szulfid tartalma (mg\/l-ben); kezelend\u0151 v\u00edz mennyis\u00e9ge (m<sup>3<\/sup>\/h-ban); v\u00edz pH-ja<\/p>\n<p>A PYROLOX\u00ae Advantage vas-, \u00e9s mang\u00e1n hat\u00e9kony elt\u00e1vol\u00edt\u00e1s\u00e1ra kialak\u00edtott sz\u0171r\u0151anyag v\u00edzkezel\u00e9si elj\u00e1r\u00e1sokhoz. A sz\u0171r\u0151anyagok k\u00f6vetkez\u0151 gener\u00e1ci\u00f3j\u00e1nak k\u00e9pvisel\u0151jek\u00e9nt a PYROLOX\u00ae kimagasl\u00f3 teljes\u00edtm\u00e9nyt ny\u00fajt a kis fajs\u00faly\u00fa bevonatos sz\u0171r\u0151anyagok minden el\u0151ny\u00e9vel egy\u00fctt.<\/p>\n<p><strong>A berendez\u00e9s felt\u00fcntetett \u00e1r\u00e1nak nem r\u00e9sze a be\u00fczemel\u00e9s k\u00f6lts\u00e9ge! A megfelel\u0151 be\u00fczemel\u00e9st elv\u00e9gz\u0151 partner ir\u00e1nt k\u00e9rem \u00e9rdekl\u0151dj\u00f6n \u00fcgyf\u00e9lszolg\u00e1latunk el\u00e9rhet\u0151s\u00e9gein!<\/strong><\/p>\n<p><strong>Cikksz\u00e1m:<\/strong> BS-1054PA\/67<br \/>\n<strong>Vez\u00e9rl\u0151fej:<\/strong> RX-67C\/DTF<br \/>\n<strong>Csatlakoz\u00e1s:<\/strong> 1&#8243;<br \/>\n<strong>Pyrolox Advantage t\u00f6ltet: <\/strong>20.4 liter<\/p>\n","protected":false},"featured_media":6804,"template":"","meta":{"_acf_changed":false,"inline_featured_image":false},"product_cat":[50,49],"product_tag":[52,54],"class_list":{"0":"post-6607","1":"product","2":"type-product","3":"status-publish","4":"has-post-thumbnail","6":"product_cat-vastalanito-berendezesek","7":"product_cat-kutviz-tisztitasa","8":"product_tag-bluesoft","9":"product_tag-pyrolox","11":"first","12":"instock","13":"taxable","14":"shipping-taxable","15":"purchasable","16":"product-type-simple"},"acf":[],"_links":{"self":[{"href":"https:\/\/e-c.22projects.sk\/shop\/wp-json\/wp\/v2\/product\/6607","targetHints":{"allow":["GET"]}}],"collection":[{"href":"https:\/\/e-c.22projects.sk\/shop\/wp-json\/wp\/v2\/product"}],"about":[{"href":"https:\/\/e-c.22projects.sk\/shop\/wp-json\/wp\/v2\/types\/product"}],"wp:featuredmedia":[{"embeddable":true,"href":"https:\/\/e-c.22projects.sk\/shop\/wp-json\/wp\/v2\/media\/6804"}],"wp:attachment":[{"href":"https:\/\/e-c.22projects.sk\/shop\/wp-json\/wp\/v2\/media?parent=6607"}],"wp:term":[{"taxonomy":"product_cat","embeddable":true,"href":"https:\/\/e-c.22projects.sk\/shop\/wp-json\/wp\/v2\/product_cat?post=6607"},{"taxonomy":"product_tag","embeddable":true,"href":"https:\/\/e-c.22projects.sk\/shop\/wp-json\/wp\/v2\/product_tag?post=6607"}],"curies":[{"name":"wp","href":"https:\/\/api.w.org\/{rel}","templated":true}]}}