{"id":5210,"date":"2022-01-26T12:58:34","date_gmt":"2022-01-26T12:58:34","guid":{"rendered":"https:\/\/shop.euro-clear.eu\/?post_type=product&#038;p=5210"},"modified":"2024-06-27T11:00:54","modified_gmt":"2024-06-27T11:00:54","slug":"rainwater-7-duplex","status":"publish","type":"product","link":"https:\/\/e-c.22projects.sk\/shop\/termek\/rainwater-7-duplex\/","title":{"rendered":"RainWater 7 DUPLEX v\u00edzl\u00e1gy\u00edt\u00f3 berendez\u00e9s"},"content":{"rendered":"<h2>RainWater DUPLEX v\u00edzl\u00e1gy\u00edt\u00f3 berendez\u00e9s<\/h2>\n<p>RainWater DUPLEX berendez\u00e9s\u00fcnket 1-4 f\u0151s csal\u00e1dok sz\u00e1m\u00e1ra aj\u00e1nljuk. A k\u00e9sz\u00fcl\u00e9k kis helyig\u00e9nye miatt k\u00f6nnyen, b\u00fatorba is be\u00e9p\u00edthet\u0151.<\/p>\n<p>Amennyiben tov\u00e1bbi k\u00e9rd\u00e9se mer\u00fclne fel, \u00fagy l\u00e1togassa meg Gyakran Ism\u00e9telt K\u00e9rd\u00e9sek oldalunkat:<br \/>\n<a href=\"https:\/\/e-c.22projects.sk\/shop\/gyakran-ismetelt-kerdesek\/\" target=\"new\" rel=\"noopener\"><br \/>\n<button style=\"background-color: #0e2350; border: none; color: white; padding: 10px; text-align: center; text-decoration: none; font-size: 16px; cursor: pointer; margin: 4px 2px; border-radius: 5px;\"> Gyakran Ism\u00e9telt K\u00e9rd\u00e9sek <\/button><br \/>\n<\/a><\/p>\n<h2>RainWater DUPLEX sz\u00e9ria el\u0151nyei<\/h2>\n<p><strong>\u2713<\/strong> Kis helyig\u00e9ny.<\/p>\n<p><strong>\u2713<\/strong> A k\u00e9t p\u00e1rhuzamosan m\u0171k\u00f6d\u0151 tart\u00e1ly egyszerre k\u00e9pes a l\u00e1gyv\u00edz szolg\u00e1ltat\u00e1sra.<\/p>\n<p><strong>\u2713<\/strong> Egyszerre csak egy oszlop regener\u00e1l, a berendez\u00e9s \u00edgy k\u00e9pes a folyamatos l\u00e1gyv\u00edz szolg\u00e1ltat\u00e1sra.<\/p>\n<p><strong>\u2713<\/strong> Informat\u00edv, LCD kijelz\u0151.<\/p>\n<p><strong>\u2713<\/strong> A berendez\u00e9s rendelkezik s\u00f3hi\u00e1ny riaszt\u00e1s funkci\u00f3val.<\/p>\n","protected":false},"excerpt":{"rendered":"<p>RainWater DUPLEX berendez\u00e9s\u00fcnket 1-4 f\u0151s csal\u00e1dok sz\u00e1m\u00e1ra aj\u00e1nljuk. A k\u00e9sz\u00fcl\u00e9k kis helyig\u00e9nye miatt k\u00f6nnyen, b\u00fatorba is be\u00e9p\u00edthet\u0151.<\/p>\n<p><strong>A v\u00edzl\u00e1gy\u00edt\u00f3 berendez\u00e9s felt\u00fcntetett \u00e1r\u00e1nak nem r\u00e9sze a be\u00fczemel\u00e9s k\u00f6lts\u00e9ge! A megfelel\u0151 be\u00fczemel\u00e9st elv\u00e9gz\u0151 partner ir\u00e1nt k\u00e9rem \u00e9rdekl\u0151dj\u00f6n \u00fcgyf\u00e9lszolg\u00e1latunk el\u00e9rhet\u0151s\u00e9gein!<\/strong><\/p>\n","protected":false},"featured_media":5212,"template":"","meta":{"_acf_changed":false,"inline_featured_image":false},"product_cat":[21,128,24],"product_tag":[76,44],"class_list":{"0":"post-5210","1":"product","2":"type-product","3":"status-publish","4":"has-post-thumbnail","6":"product_cat-vizlagyito-berendezesek","7":"product_cat-plug-and-play-vizlagyitok","8":"product_cat-rainwater-plug-and-play-vizlagyitok","9":"product_tag-compact","10":"product_tag-water-softener","12":"first","13":"instock","14":"taxable","15":"shipping-taxable","16":"purchasable","17":"product-type-simple"},"acf":[],"_links":{"self":[{"href":"https:\/\/e-c.22projects.sk\/shop\/wp-json\/wp\/v2\/product\/5210","targetHints":{"allow":["GET"]}}],"collection":[{"href":"https:\/\/e-c.22projects.sk\/shop\/wp-json\/wp\/v2\/product"}],"about":[{"href":"https:\/\/e-c.22projects.sk\/shop\/wp-json\/wp\/v2\/types\/product"}],"wp:featuredmedia":[{"embeddable":true,"href":"https:\/\/e-c.22projects.sk\/shop\/wp-json\/wp\/v2\/media\/5212"}],"wp:attachment":[{"href":"https:\/\/e-c.22projects.sk\/shop\/wp-json\/wp\/v2\/media?parent=5210"}],"wp:term":[{"taxonomy":"product_cat","embeddable":true,"href":"https:\/\/e-c.22projects.sk\/shop\/wp-json\/wp\/v2\/product_cat?post=5210"},{"taxonomy":"product_tag","embeddable":true,"href":"https:\/\/e-c.22projects.sk\/shop\/wp-json\/wp\/v2\/product_tag?post=5210"}],"curies":[{"name":"wp","href":"https:\/\/api.w.org\/{rel}","templated":true}]}}