{"id":5715,"date":"2020-10-19T07:30:25","date_gmt":"2020-10-19T07:30:25","guid":{"rendered":"http:\/\/www.euro-clear.eu\/industries\/healthcare\/"},"modified":"2024-06-26T13:25:44","modified_gmt":"2024-06-26T11:25:44","slug":"healthcare","status":"publish","type":"page","link":"https:\/\/e-c.22projects.sk\/en\/industries\/healthcare\/","title":{"rendered":"Healthcare"},"content":{"rendered":"\t\t<div data-elementor-type=\"wp-page\" data-elementor-id=\"5715\" class=\"elementor elementor-5715 elementor-2531\" data-elementor-post-type=\"page\">\n\t\t\t\t<div class=\"elementor-element elementor-element-9b7e7c5 e-flex e-con-boxed e-con e-parent\" data-id=\"9b7e7c5\" data-element_type=\"container\">\n\t\t\t\t\t<div class=\"e-con-inner\">\n\t\t<div class=\"elementor-element elementor-element-f9fa16b e-flex e-con-boxed e-con e-child\" data-id=\"f9fa16b\" data-element_type=\"container\">\n\t\t\t\t\t<div class=\"e-con-inner\">\n\t\t\t\t<div class=\"elementor-element elementor-element-81113c0 elementor-widget elementor-widget-heading\" data-id=\"81113c0\" data-element_type=\"widget\" data-widget_type=\"heading.default\">\n\t\t\t\t<div class=\"elementor-widget-container\">\n\t\t\t<style>\/*! elementor - v3.22.0 - 26-06-2024 *\/\n.elementor-heading-title{padding:0;margin:0;line-height:1}.elementor-widget-heading .elementor-heading-title[class*=elementor-size-]>a{color:inherit;font-size:inherit;line-height:inherit}.elementor-widget-heading .elementor-heading-title.elementor-size-small{font-size:15px}.elementor-widget-heading .elementor-heading-title.elementor-size-medium{font-size:19px}.elementor-widget-heading .elementor-heading-title.elementor-size-large{font-size:29px}.elementor-widget-heading .elementor-heading-title.elementor-size-xl{font-size:39px}.elementor-widget-heading .elementor-heading-title.elementor-size-xxl{font-size:59px}<\/style><h2 class=\"elementor-heading-title elementor-size-default\">Hospitals<\/h2>\t\t<\/div>\n\t\t\t\t<\/div>\n\t\t\t\t<div class=\"elementor-element elementor-element-d50f175 elementor-widget elementor-widget-text-editor\" data-id=\"d50f175\" data-element_type=\"widget\" data-widget_type=\"text-editor.default\">\n\t\t\t\t<div class=\"elementor-widget-container\">\n\t\t\t<style>\/*! elementor - v3.22.0 - 26-06-2024 *\/\n.elementor-widget-text-editor.elementor-drop-cap-view-stacked .elementor-drop-cap{background-color:#69727d;color:#fff}.elementor-widget-text-editor.elementor-drop-cap-view-framed .elementor-drop-cap{color:#69727d;border:3px solid;background-color:transparent}.elementor-widget-text-editor:not(.elementor-drop-cap-view-default) .elementor-drop-cap{margin-top:8px}.elementor-widget-text-editor:not(.elementor-drop-cap-view-default) .elementor-drop-cap-letter{width:1em;height:1em}.elementor-widget-text-editor .elementor-drop-cap{float:left;text-align:center;line-height:1;font-size:50px}.elementor-widget-text-editor .elementor-drop-cap-letter{display:inline-block}<\/style>\t\t\t\t<p>Hospitals, laboratories and pharmacies need high purity water for working with autoclaves, distillation devices and ultrasonic devices, for laboratory dishwashing, bedside washers and pharmaceuticals, dental units and dialysis.<\/p>\n\t\t\t\t\t\t<\/div>\n\t\t\t\t<\/div>\n\t\t\t\t<div class=\"elementor-element elementor-element-41c4322 elementor-widget elementor-widget-text-editor\" data-id=\"41c4322\" data-element_type=\"widget\" data-widget_type=\"text-editor.default\">\n\t\t\t\t<div class=\"elementor-widget-container\">\n\t\t\t\t\t\t\t<p>Our dual-stream RO equipment meets both European and American standards for purified water requirements.<\/p>\n\t\t\t\t\t\t<\/div>\n\t\t\t\t<\/div>\n\t\t\t\t\t<\/div>\n\t\t\t\t<\/div>\n\t\t<div class=\"elementor-element elementor-element-fcbc9ad e-flex e-con-boxed e-con e-child\" data-id=\"fcbc9ad\" data-element_type=\"container\">\n\t\t\t\t\t<div class=\"e-con-inner\">\n\t\t\t\t<div class=\"elementor-element elementor-element-605cfdb elementor-widget elementor-widget-image\" data-id=\"605cfdb\" data-element_type=\"widget\" data-widget_type=\"image.default\">\n\t\t\t\t<div class=\"elementor-widget-container\">\n\t\t\t<style>\/*! elementor - v3.22.0 - 26-06-2024 *\/\n.elementor-widget-image{text-align:center}.elementor-widget-image a{display:inline-block}.elementor-widget-image a img[src$=\".svg\"]{width:48px}.elementor-widget-image img{vertical-align:middle;display:inline-block}<\/style>\t\t\t\t\t\t\t\t\t\t<img fetchpriority=\"high\" decoding=\"async\" width=\"800\" height=\"533\" src=\"https:\/\/e-c.22projects.sk\/wp-content\/uploads\/2020\/07\/korhaz.jpg\" class=\"attachment-large size-large wp-image-4988\" alt=\"eg\u00e9szs\u00e9g\u00fcgy\" srcset=\"https:\/\/e-c.22projects.sk\/wp-content\/uploads\/2020\/07\/korhaz.jpg 960w, https:\/\/e-c.22projects.sk\/wp-content\/uploads\/2020\/07\/korhaz-300x200.jpg 300w, https:\/\/e-c.22projects.sk\/wp-content\/uploads\/2020\/07\/korhaz-768x512.jpg 768w\" sizes=\"(max-width: 800px) 100vw, 800px\" \/>\t\t\t\t\t\t\t\t\t\t\t\t\t<\/div>\n\t\t\t\t<\/div>\n\t\t\t\t\t<\/div>\n\t\t\t\t<\/div>\n\t\t\t\t\t<\/div>\n\t\t\t\t<\/div>\n\t\t<div class=\"elementor-element elementor-element-bed367d e-flex e-con-boxed e-con e-parent\" data-id=\"bed367d\" data-element_type=\"container\">\n\t\t\t\t\t<div class=\"e-con-inner\">\n\t\t<div class=\"elementor-element elementor-element-2a7728d e-flex e-con-boxed e-con e-child\" data-id=\"2a7728d\" data-element_type=\"container\">\n\t\t\t\t\t<div class=\"e-con-inner\">\n\t\t\t\t<div class=\"elementor-element elementor-element-68ae1cd elementor-widget elementor-widget-image\" data-id=\"68ae1cd\" data-element_type=\"widget\" data-widget_type=\"image.default\">\n\t\t\t\t<div class=\"elementor-widget-container\">\n\t\t\t\t\t\t\t\t\t\t\t\t\t<img decoding=\"async\" width=\"800\" height=\"585\" src=\"https:\/\/e-c.22projects.sk\/wp-content\/uploads\/2020\/07\/laboratory.jpg\" class=\"attachment-large size-large wp-image-5010\" alt=\"\" srcset=\"https:\/\/e-c.22projects.sk\/wp-content\/uploads\/2020\/07\/laboratory.jpg 960w, https:\/\/e-c.22projects.sk\/wp-content\/uploads\/2020\/07\/laboratory-300x219.jpg 300w, https:\/\/e-c.22projects.sk\/wp-content\/uploads\/2020\/07\/laboratory-768x562.jpg 768w\" sizes=\"(max-width: 800px) 100vw, 800px\" \/>\t\t\t\t\t\t\t\t\t\t\t\t\t<\/div>\n\t\t\t\t<\/div>\n\t\t\t\t\t<\/div>\n\t\t\t\t<\/div>\n\t\t<div class=\"elementor-element elementor-element-20fa98c e-flex e-con-boxed e-con e-child\" data-id=\"20fa98c\" data-element_type=\"container\">\n\t\t\t\t\t<div class=\"e-con-inner\">\n\t\t\t\t<div class=\"elementor-element elementor-element-158a30b elementor-widget elementor-widget-heading\" data-id=\"158a30b\" data-element_type=\"widget\" data-widget_type=\"heading.default\">\n\t\t\t\t<div class=\"elementor-widget-container\">\n\t\t\t<h2 class=\"elementor-heading-title elementor-size-default\">Laboratories<\/h2>\t\t<\/div>\n\t\t\t\t<\/div>\n\t\t\t\t<div class=\"elementor-element elementor-element-9d78d95 elementor-widget elementor-widget-text-editor\" data-id=\"9d78d95\" data-element_type=\"widget\" data-widget_type=\"text-editor.default\">\n\t\t\t\t<div class=\"elementor-widget-container\">\n\t\t\t\t\t\t\t<p>Our company has also gained significant experience in the field of water treatment for laboratories, so we are looking for a solution tailored to our partner\u2019s individual needs, with the help of our experienced sales representatives.<\/p>\n\t\t\t\t\t\t<\/div>\n\t\t\t\t<\/div>\n\t\t\t\t<div class=\"elementor-element elementor-element-fdd460e elementor-widget elementor-widget-text-editor\" data-id=\"fdd460e\" data-element_type=\"widget\" data-widget_type=\"text-editor.default\">\n\t\t\t\t<div class=\"elementor-widget-container\">\n\t\t\t\t\t\t\t<p>For laboratories, the areas of application are different, as are the specific requirements for water quality and purity. They mainly use desalinated water. Water quality parameters most often depends on conductivity, organic matter content and microorganism content.<\/p>\n\t\t\t\t\t\t<\/div>\n\t\t\t\t<\/div>\n\t\t\t\t<div class=\"elementor-element elementor-element-8cb557d elementor-widget elementor-widget-text-editor\" data-id=\"8cb557d\" data-element_type=\"widget\" data-widget_type=\"text-editor.default\">\n\t\t\t\t<div class=\"elementor-widget-container\">\n\t\t\t\t\t\t\tProcess water categorized for laboratory use is as follows: General purpose water (for glass washing, analysis, dishwashers, autoclaves), Water for specific laboratory use (for analysis, dishwashers), Ultrapure water (analysis, tests, sample projects)\t\t\t\t\t\t<\/div>\n\t\t\t\t<\/div>\n\t\t\t\t<div class=\"elementor-element elementor-element-4cc7de7 elementor-widget elementor-widget-text-editor\" data-id=\"4cc7de7\" data-element_type=\"widget\" data-widget_type=\"text-editor.default\">\n\t\t\t\t<div class=\"elementor-widget-container\">\n\t\t\t\t\t\t\t<p>For laboratories with significant water consumption, our company offers a range of water technology equipment that meets your needs. The system includesa water softener, reverse osmosis equipment, electric deionizer, equipments with ion exchanger, UV disinfectants and sterile filters. In order for the water to meet the requirements, there must be a continuous circulation in the piping system. Of course, the pipe systems are also made of standard material such as PVC, PP, PVDF, SS.<\/p>\n\t\t\t\t\t\t<\/div>\n\t\t\t\t<\/div>\n\t\t\t\t\t<\/div>\n\t\t\t\t<\/div>\n\t\t\t\t\t<\/div>\n\t\t\t\t<\/div>\n\t\t\t\t<\/div>\n\t\t","protected":false},"excerpt":{"rendered":"<p>Hospitals Hospitals, laboratories and pharmacies need high purity water for working with autoclaves, distillation devices and ultrasonic devices, for laboratory dishwashing, bedside washers and pharmaceuticals, dental units and dialysis. Our dual-stream RO equipment meets both European and American standards for purified water requirements. Laboratories Our company has also gained significant experience in the field of [&hellip;]<\/p>\n","protected":false},"author":1,"featured_media":5066,"parent":5619,"menu_order":0,"comment_status":"closed","ping_status":"closed","template":"","meta":{"_acf_changed":false,"footnotes":""},"acf":[],"_links":{"self":[{"href":"https:\/\/e-c.22projects.sk\/en\/wp-json\/wp\/v2\/pages\/5715"}],"collection":[{"href":"https:\/\/e-c.22projects.sk\/en\/wp-json\/wp\/v2\/pages"}],"about":[{"href":"https:\/\/e-c.22projects.sk\/en\/wp-json\/wp\/v2\/types\/page"}],"author":[{"embeddable":true,"href":"https:\/\/e-c.22projects.sk\/en\/wp-json\/wp\/v2\/users\/1"}],"replies":[{"embeddable":true,"href":"https:\/\/e-c.22projects.sk\/en\/wp-json\/wp\/v2\/comments?post=5715"}],"version-history":[{"count":3,"href":"https:\/\/e-c.22projects.sk\/en\/wp-json\/wp\/v2\/pages\/5715\/revisions"}],"predecessor-version":[{"id":15235,"href":"https:\/\/e-c.22projects.sk\/en\/wp-json\/wp\/v2\/pages\/5715\/revisions\/15235"}],"up":[{"embeddable":true,"href":"https:\/\/e-c.22projects.sk\/en\/wp-json\/wp\/v2\/pages\/5619"}],"wp:featuredmedia":[{"embeddable":true,"href":"https:\/\/e-c.22projects.sk\/en\/wp-json\/wp\/v2\/media\/5066"}],"wp:attachment":[{"href":"https:\/\/e-c.22projects.sk\/en\/wp-json\/wp\/v2\/media?parent=5715"}],"curies":[{"name":"wp","href":"https:\/\/api.w.org\/{rel}","templated":true}]}}