{"id":5628,"date":"2020-10-14T11:25:09","date_gmt":"2020-10-14T11:25:09","guid":{"rendered":"http:\/\/www.euro-clear.eu\/products\/household-water-treatment\/residential-uv-equipments\/"},"modified":"2024-07-02T14:01:37","modified_gmt":"2024-07-02T12:01:37","slug":"residential-uv-equipments","status":"publish","type":"page","link":"https:\/\/e-c.22projects.sk\/en\/household-water-treatment\/residential-uv-equipments\/","title":{"rendered":"Residential UV devices"},"content":{"rendered":"\t\t<div data-elementor-type=\"wp-page\" data-elementor-id=\"5628\" class=\"elementor elementor-5628 elementor-4375\" data-elementor-post-type=\"page\">\n\t\t\t\t<div class=\"elementor-element elementor-element-ac5a352 e-flex e-con-boxed e-con e-parent\" data-id=\"ac5a352\" data-element_type=\"container\">\n\t\t\t\t\t<div class=\"e-con-inner\">\n\t\t\t\t<div class=\"elementor-element elementor-element-7b7ca71 elementor-widget__width-initial elementor-widget elementor-widget-text-editor\" data-id=\"7b7ca71\" data-element_type=\"widget\" data-widget_type=\"text-editor.default\">\n\t\t\t\t<div class=\"elementor-widget-container\">\n\t\t\t<style>\/*! elementor - v3.22.0 - 26-06-2024 *\/\n.elementor-widget-text-editor.elementor-drop-cap-view-stacked .elementor-drop-cap{background-color:#69727d;color:#fff}.elementor-widget-text-editor.elementor-drop-cap-view-framed .elementor-drop-cap{color:#69727d;border:3px solid;background-color:transparent}.elementor-widget-text-editor:not(.elementor-drop-cap-view-default) .elementor-drop-cap{margin-top:8px}.elementor-widget-text-editor:not(.elementor-drop-cap-view-default) .elementor-drop-cap-letter{width:1em;height:1em}.elementor-widget-text-editor .elementor-drop-cap{float:left;text-align:center;line-height:1;font-size:50px}.elementor-widget-text-editor .elementor-drop-cap-letter{display:inline-block}<\/style>\t\t\t\t<p>VIQUA is the world&#8217;s leading supplier of UV water disinfection systems for residential and small commercial applications, providing treated water without the use of chemicals. The Canadian company has more than 40 years of experience in the residential UV industry, and the expertise and care in developing VIQUA products is second to none.<\/p>\n<p>Bacteria and viruses are found in every water in our environment. Their number in drinking water must be below the value specified in the standard to avoid possible infections. UV light prevents the growth and development of these microorganisms, thus eliminating their presence in the water. In some cases, the bacterial purity of the water is particularly important: for example, in families with small children, in hospitals, medical and dental offices, catering establishments.<\/p>\n<p>It is well known that ultraviolet radiation from the sun kills microorganisms, the equipment uses this principle to remove microorganisms in water. This method is considered to be the most economical and environmentally appropriate of the methods used today.<\/p>\n<p>The water to be treated then flows under fluorescent tubes that emit ultraviolet (UV) light, and the intense radiation disinfects the water. In contrast to the common chemical disinfection, UV sterilization does not leave an unpleasant aftertaste, nor do we have to fear the formation of trihalomethane.<\/p>\n\t\t\t\t\t\t<\/div>\n\t\t\t\t<\/div>\n\t\t\t\t<div class=\"elementor-element elementor-element-344707d elementor-widget__width-initial elementor-widget elementor-widget-image\" data-id=\"344707d\" data-element_type=\"widget\" data-widget_type=\"image.default\">\n\t\t\t\t<div class=\"elementor-widget-container\">\n\t\t\t<style>\/*! elementor - v3.22.0 - 26-06-2024 *\/\n.elementor-widget-image{text-align:center}.elementor-widget-image a{display:inline-block}.elementor-widget-image a img[src$=\".svg\"]{width:48px}.elementor-widget-image img{vertical-align:middle;display:inline-block}<\/style>\t\t\t\t\t\t\t\t\t\t\t<a href=\"https:\/\/e-c.22projects.sk\/wp-content\/uploads\/2020\/10\/vh410.jpg\" data-elementor-open-lightbox=\"yes\" data-elementor-lightbox-title=\"vh410\" data-e-action-hash=\"#elementor-action%3Aaction%3Dlightbox%26settings%3DeyJpZCI6NTU1MSwidXJsIjoiaHR0cHM6XC9cL2UtYy4yMnByb2plY3RzLnNrXC93cC1jb250ZW50XC91cGxvYWRzXC8yMDIwXC8xMFwvdmg0MTAuanBnIn0%3D\">\n\t\t\t\t\t\t\t<img fetchpriority=\"high\" decoding=\"async\" width=\"331\" height=\"1024\" src=\"https:\/\/e-c.22projects.sk\/wp-content\/uploads\/2020\/10\/vh410-331x1024.jpg\" class=\"attachment-large size-large wp-image-5551\" alt=\"UV v\u00edzfert\u0151tlen\u00edt\u0151\" srcset=\"https:\/\/e-c.22projects.sk\/wp-content\/uploads\/2020\/10\/vh410-331x1024.jpg 331w, https:\/\/e-c.22projects.sk\/wp-content\/uploads\/2020\/10\/vh410-97x300.jpg 97w, https:\/\/e-c.22projects.sk\/wp-content\/uploads\/2020\/10\/vh410-496x1536.jpg 496w, https:\/\/e-c.22projects.sk\/wp-content\/uploads\/2020\/10\/vh410.jpg 660w\" sizes=\"(max-width: 331px) 100vw, 331px\" \/>\t\t\t\t\t\t\t\t<\/a>\n\t\t\t\t\t\t\t\t\t\t\t\t\t<\/div>\n\t\t\t\t<\/div>\n\t\t\t\t<div class=\"elementor-element elementor-element-7ceb340 elementor-widget__width-initial elementor-widget elementor-widget-image\" data-id=\"7ceb340\" data-element_type=\"widget\" data-widget_type=\"image.default\">\n\t\t\t\t<div class=\"elementor-widget-container\">\n\t\t\t\t\t\t\t\t\t\t\t\t\t\t<a href=\"https:\/\/e-c.22projects.sk\/wp-content\/uploads\/2020\/10\/Viqua_VP950_with_Controller_No_Banner.jpg\" data-elementor-open-lightbox=\"yes\" data-elementor-lightbox-title=\"Viqua_VP950_with_Controller_No_Banner\" data-e-action-hash=\"#elementor-action%3Aaction%3Dlightbox%26settings%3DeyJpZCI6NTU1MywidXJsIjoiaHR0cHM6XC9cL2UtYy4yMnByb2plY3RzLnNrXC93cC1jb250ZW50XC91cGxvYWRzXC8yMDIwXC8xMFwvVmlxdWFfVlA5NTBfd2l0aF9Db250cm9sbGVyX05vX0Jhbm5lci5qcGcifQ%3D%3D\">\n\t\t\t\t\t\t\t<img decoding=\"async\" width=\"406\" height=\"1024\" src=\"https:\/\/e-c.22projects.sk\/wp-content\/uploads\/2020\/10\/Viqua_VP950_with_Controller_No_Banner-406x1024.jpg\" class=\"attachment-large size-large wp-image-5553\" alt=\"UV v\u00edzfert\u0151tlen\u00edt\u0151\" srcset=\"https:\/\/e-c.22projects.sk\/wp-content\/uploads\/2020\/10\/Viqua_VP950_with_Controller_No_Banner-406x1024.jpg 406w, https:\/\/e-c.22projects.sk\/wp-content\/uploads\/2020\/10\/Viqua_VP950_with_Controller_No_Banner-119x300.jpg 119w, https:\/\/e-c.22projects.sk\/wp-content\/uploads\/2020\/10\/Viqua_VP950_with_Controller_No_Banner.jpg 507w\" sizes=\"(max-width: 406px) 100vw, 406px\" \/>\t\t\t\t\t\t\t\t<\/a>\n\t\t\t\t\t\t\t\t\t\t\t\t\t<\/div>\n\t\t\t\t<\/div>\n\t\t<div class=\"elementor-element elementor-element-b148eb3 e-con-full e-flex e-con e-child\" data-id=\"b148eb3\" data-element_type=\"container\">\n\t\t\t\t<div class=\"elementor-element elementor-element-6ee3385 elementor-widget elementor-widget-text-editor\" data-id=\"6ee3385\" data-element_type=\"widget\" data-widget_type=\"text-editor.default\">\n\t\t\t\t<div class=\"elementor-widget-container\">\n\t\t\t\t\t\t\t<div class=\"elementor-element elementor-element-ec96171 elementor-widget elementor-widget-text-editor\" data-id=\"ec96171\" data-element_type=\"widget\" data-widget_type=\"text-editor.default\">\n<div class=\"elementor-widget-container\">\n<div class=\"elementor-element elementor-element-ec96171 elementor-widget elementor-widget-text-editor\" data-id=\"ec96171\" data-element_type=\"widget\" data-widget_type=\"text-editor.default\">\n<div class=\"elementor-widget-container\">\n<div class=\"elementor-element elementor-element-ec96171 elementor-widget elementor-widget-text-editor\" data-id=\"ec96171\" data-element_type=\"widget\" data-widget_type=\"text-editor.default\">\n<div class=\"elementor-widget-container\">\n<h2><strong><span class=\"know-where\">Advantages of UV equipment:<\/span><\/strong><\/h2>\n<\/div>\n<\/div>\n<\/div>\n<\/div>\n<\/div>\n<\/div>\n<ul>\n<li>they do not cause a chemical change in the water<\/li>\n<li>their adverse effects on the environment are low<\/li>\n<li>they do not cause allergic symptoms<\/li>\n<li>their operation is fully automatic<\/li>\n<li>their maintenance is simple and economical<\/li>\n<li>no need to use chemicals<\/li>\n<\/ul>\n\t\t\t\t\t\t<\/div>\n\t\t\t\t<\/div>\n\t\t\t\t<div class=\"elementor-element elementor-element-10c0d7b elementor-mobile-align-justify elementor-widget elementor-widget-button\" data-id=\"10c0d7b\" data-element_type=\"widget\" data-widget_type=\"button.default\">\n\t\t\t\t<div class=\"elementor-widget-container\">\n\t\t\t\t\t<div class=\"elementor-button-wrapper\">\n\t\t\t<a class=\"elementor-button elementor-button-link elementor-size-sm\" href=\"https:\/\/euro-clear.eu\/shop\/uv-fertotlenitok\/\" target=\"_blank\" rel=\"noopener\">\n\t\t\t\t\t\t<span class=\"elementor-button-content-wrapper\">\n\t\t\t\t\t\t\t\t\t<span class=\"elementor-button-text\">I will check in the shop<\/span>\n\t\t\t\t\t<\/span>\n\t\t\t\t\t<\/a>\n\t\t<\/div>\n\t\t\t\t<\/div>\n\t\t\t\t<\/div>\n\t\t\t\t<\/div>\n\t\t\t\t\t<\/div>\n\t\t\t\t<\/div>\n\t\t<div class=\"elementor-element elementor-element-636ee8a e-flex e-con-boxed e-con e-parent\" data-id=\"636ee8a\" data-element_type=\"container\" data-settings=\"{&quot;background_background&quot;:&quot;classic&quot;}\">\n\t\t\t\t\t<div class=\"e-con-inner\">\n\t\t\t\t<div class=\"elementor-element elementor-element-01c1386 elementor-widget elementor-widget-shortcode\" data-id=\"01c1386\" data-element_type=\"widget\" data-widget_type=\"shortcode.default\">\n\t\t\t\t<div class=\"elementor-widget-container\">\n\t\t\t\t\t<div class=\"elementor-shortcode\"><div id=\"tablepress-26-scroll-wrapper\" class=\"tablepress-scroll-wrapper\">\n\n<table id=\"tablepress-26\" class=\"tablepress tablepress-id-26 tablepress-responsive\">\n<tbody class=\"row-hover\">\n<tr class=\"row-1 odd\">\n\t<td class=\"column-1\">Part no.<\/td><td class=\"column-2\">Product<\/td><td class=\"column-3\">Connection<\/td><td class=\"column-4\">Performance (W)<\/td><td class=\"column-5\">Size<br>H x L x W (mm)<\/td><td class=\"column-6\">Flow rate<\/td><td class=\"column-7\">Flow rate<\/td><td class=\"column-8\">Flow rate<\/td><td class=\"column-9\">Net price USD<\/td>\n<\/tr>\n<tr class=\"row-2 even\">\n\t<td class=\"column-1\">Aquazone S2Q<\/td><td class=\"column-2\">UV equipment, household sterilization<\/td><td class=\"column-3\">1\/2\u201d<\/td><td class=\"column-4\">22<\/td><td class=\"column-5\">65 x 432<\/td><td class=\"column-6\">1,1<\/td><td class=\"column-7\">0,7<\/td><td class=\"column-8\">0,4<\/td><td class=\"column-9\"><\/td>\n<\/tr>\n<tr class=\"row-3 odd\">\n\t<td class=\"column-1\">Aquazone VH150<\/td><td class=\"column-2\">UV equipment, household sterilization<\/td><td class=\"column-3\">1\u201d - 3\/4\u201d<\/td><td class=\"column-4\">32<\/td><td class=\"column-5\">89 x 330<\/td><td class=\"column-6\">2,7<\/td><td class=\"column-7\">1,1<\/td><td class=\"column-8\">0,8<\/td><td class=\"column-9\"><\/td>\n<\/tr>\n<tr class=\"row-4 even\">\n\t<td class=\"column-1\">Aquazone VH200<\/td><td class=\"column-2\">UV equipment, household sterilization<\/td><td class=\"column-3\">1\u201d - 3\/4\u201d<\/td><td class=\"column-4\">35<\/td><td class=\"column-5\">89 x 450<\/td><td class=\"column-6\">3,6<\/td><td class=\"column-7\">2,0<\/td><td class=\"column-8\">1,6<\/td><td class=\"column-9\"><\/td>\n<\/tr>\n<tr class=\"row-5 odd\">\n\t<td class=\"column-1\">Aquazone VH410\/2<\/td><td class=\"column-2\">UV equipment, household sterilization<\/td><td class=\"column-3\">1\u201d - 3\/4\u201d<\/td><td class=\"column-4\">60<\/td><td class=\"column-5\">89 x 596<\/td><td class=\"column-6\">7,8<\/td><td class=\"column-7\">4,2<\/td><td class=\"column-8\">3,2<\/td><td class=\"column-9\"><\/td>\n<\/tr>\n<tr class=\"row-6 even\">\n\t<td class=\"column-1\">Aquazone VP950<\/td><td class=\"column-2\">UV equipment, household sterilization<\/td><td class=\"column-3\">6\/4\u201d<\/td><td class=\"column-4\">96<\/td><td class=\"column-5\">1140 x 89<\/td><td class=\"column-6\">13,7<\/td><td class=\"column-7\">10,5<\/td><td class=\"column-8\">8,0<\/td><td class=\"column-9\"><\/td>\n<\/tr>\n<\/tbody>\n<\/table>\n\n<\/div><!-- #tablepress-26 from cache --><\/div>\n\t\t\t\t<\/div>\n\t\t\t\t<\/div>\n\t\t\t\t\t<\/div>\n\t\t\t\t<\/div>\n\t\t<div class=\"elementor-element elementor-element-3f1b3a1 e-con-full e-flex e-con e-parent\" data-id=\"3f1b3a1\" data-element_type=\"container\">\n\t\t\t\t<div class=\"elementor-element elementor-element-8df8b06 elementor-widget elementor-widget-template\" data-id=\"8df8b06\" data-element_type=\"widget\" data-widget_type=\"template.default\">\n\t\t\t\t<div class=\"elementor-widget-container\">\n\t\t\t\t\t<div class=\"elementor-template\">\n\t\t\t\t\t<div data-elementor-type=\"container\" data-elementor-id=\"14947\" class=\"elementor elementor-14947 elementor-14232\" data-elementor-post-type=\"elementor_library\">\n\t\t\t\t<div class=\"elementor-element elementor-element-4dde998 e-flex e-con-boxed e-con e-parent\" data-id=\"4dde998\" data-element_type=\"container\">\n\t\t\t\t\t<div class=\"e-con-inner\">\n\t\t<a data-dce-background-image-url=\"https:\/\/e-c.22projects.sk\/wp-content\/uploads\/2024\/05\/euro-clear_product-category_vizlagyito.jpg\" class=\"elementor-element elementor-element-67b43812 bg-hov-grow e-flex e-con-boxed e-con e-child\" data-id=\"67b43812\" data-element_type=\"container\" data-settings=\"{&quot;background_background&quot;:&quot;classic&quot;}\" href=\"https:\/\/e-c.22projects.sk\/en\/household-water-treatment\/perfect-solution-against-limescale\/\">\n\t\t\t\t\t<div class=\"e-con-inner\">\n\t\t<div class=\"elementor-element elementor-element-59c783f3 e-con-full e-flex e-con e-child\" data-id=\"59c783f3\" data-element_type=\"container\">\n\t\t\t\t<div class=\"elementor-element elementor-element-29a97b3b elementor-widget elementor-widget-heading\" data-id=\"29a97b3b\" data-element_type=\"widget\" data-widget_type=\"heading.default\">\n\t\t\t\t<div class=\"elementor-widget-container\">\n\t\t\t<style>\/*! elementor - v3.22.0 - 26-06-2024 *\/\n.elementor-heading-title{padding:0;margin:0;line-height:1}.elementor-widget-heading .elementor-heading-title[class*=elementor-size-]>a{color:inherit;font-size:inherit;line-height:inherit}.elementor-widget-heading .elementor-heading-title.elementor-size-small{font-size:15px}.elementor-widget-heading .elementor-heading-title.elementor-size-medium{font-size:19px}.elementor-widget-heading .elementor-heading-title.elementor-size-large{font-size:29px}.elementor-widget-heading .elementor-heading-title.elementor-size-xl{font-size:39px}.elementor-widget-heading .elementor-heading-title.elementor-size-xxl{font-size:59px}<\/style><h3 class=\"elementor-heading-title elementor-size-default\">Residential <br>water softener equipment<\/h3>\t\t<\/div>\n\t\t\t\t<\/div>\n\t\t\t\t<div class=\"elementor-element elementor-element-33da608a fancylink elementor-widget elementor-widget-heading\" data-id=\"33da608a\" data-element_type=\"widget\" data-widget_type=\"heading.default\">\n\t\t\t\t<div class=\"elementor-widget-container\">\n\t\t\t<p class=\"elementor-heading-title elementor-size-default\">More information<\/p>\t\t<\/div>\n\t\t\t\t<\/div>\n\t\t\t\t<\/div>\n\t\t\t\t<div class=\"elementor-element elementor-element-1ab628d7 elementor-widget elementor-widget-image\" data-id=\"1ab628d7\" data-element_type=\"widget\" data-widget_type=\"image.default\">\n\t\t\t\t<div class=\"elementor-widget-container\">\n\t\t\t\t\t\t\t\t\t\t\t\t\t<img decoding=\"async\" width=\"153\" height=\"367\" src=\"https:\/\/e-c.22projects.sk\/wp-content\/uploads\/2024\/05\/euro-clear_product-bluesoft.png\" class=\"attachment-large size-large wp-image-13496\" alt=\"\" srcset=\"https:\/\/e-c.22projects.sk\/wp-content\/uploads\/2024\/05\/euro-clear_product-bluesoft.png 153w, https:\/\/e-c.22projects.sk\/wp-content\/uploads\/2024\/05\/euro-clear_product-bluesoft-125x300.png 125w\" sizes=\"(max-width: 153px) 100vw, 153px\" \/>\t\t\t\t\t\t\t\t\t\t\t\t\t<\/div>\n\t\t\t\t<\/div>\n\t\t\t\t\t<\/div>\n\t\t\t\t<\/a>\n\t\t<a data-dce-background-image-url=\"https:\/\/e-c.22projects.sk\/wp-content\/uploads\/2024\/05\/euro-clear_product-category_uv-berendezesek.jpg\" class=\"elementor-element elementor-element-7ef57e8b bg-hov-grow e-flex e-con-boxed e-con e-child\" data-id=\"7ef57e8b\" data-element_type=\"container\" data-settings=\"{&quot;background_background&quot;:&quot;classic&quot;}\" href=\"https:\/\/e-c.22projects.sk\/en\/household-water-treatment\/residential-uv-equipments\/\">\n\t\t\t\t\t<div class=\"e-con-inner\">\n\t\t<div class=\"elementor-element elementor-element-23f9ff87 e-con-full e-flex e-con e-child\" data-id=\"23f9ff87\" data-element_type=\"container\">\n\t\t\t\t<div class=\"elementor-element elementor-element-3c04db4f elementor-widget elementor-widget-heading\" data-id=\"3c04db4f\" data-element_type=\"widget\" data-widget_type=\"heading.default\">\n\t\t\t\t<div class=\"elementor-widget-container\">\n\t\t\t<h3 class=\"elementor-heading-title elementor-size-default\">Residential <br>UV equipment<\/h3>\t\t<\/div>\n\t\t\t\t<\/div>\n\t\t\t\t<div class=\"elementor-element elementor-element-59da6881 fancylink elementor-widget elementor-widget-heading\" data-id=\"59da6881\" data-element_type=\"widget\" data-widget_type=\"heading.default\">\n\t\t\t\t<div class=\"elementor-widget-container\">\n\t\t\t<p class=\"elementor-heading-title elementor-size-default\">More information<\/p>\t\t<\/div>\n\t\t\t\t<\/div>\n\t\t\t\t<\/div>\n\t\t\t\t<div class=\"elementor-element elementor-element-4596455f elementor-widget elementor-widget-image\" data-id=\"4596455f\" data-element_type=\"widget\" data-widget_type=\"image.default\">\n\t\t\t\t<div class=\"elementor-widget-container\">\n\t\t\t\t\t\t\t\t\t\t\t\t\t<img loading=\"lazy\" decoding=\"async\" width=\"79\" height=\"281\" src=\"https:\/\/e-c.22projects.sk\/wp-content\/uploads\/2024\/05\/uv1_alpha-4.png\" class=\"attachment-large size-large wp-image-13514\" alt=\"\" \/>\t\t\t\t\t\t\t\t\t\t\t\t\t<\/div>\n\t\t\t\t<\/div>\n\t\t\t\t\t<\/div>\n\t\t\t\t<\/a>\n\t\t<a data-dce-background-image-url=\"https:\/\/e-c.22projects.sk\/wp-content\/uploads\/2024\/05\/euro-clear_product-category_eloszurok.jpg\" class=\"elementor-element elementor-element-1258f912 bg-hov-grow e-flex e-con-boxed e-con e-child\" data-id=\"1258f912\" data-element_type=\"container\" data-settings=\"{&quot;background_background&quot;:&quot;classic&quot;}\" href=\"https:\/\/e-c.22projects.sk\/en\/household-water-treatment\/pre-filters-mechanical-filters\/\">\n\t\t\t\t\t<div class=\"e-con-inner\">\n\t\t<div class=\"elementor-element elementor-element-7f91a05d e-con-full e-flex e-con e-child\" data-id=\"7f91a05d\" data-element_type=\"container\">\n\t\t\t\t<div class=\"elementor-element elementor-element-7937f319 elementor-widget elementor-widget-heading\" data-id=\"7937f319\" data-element_type=\"widget\" data-widget_type=\"heading.default\">\n\t\t\t\t<div class=\"elementor-widget-container\">\n\t\t\t<h3 class=\"elementor-heading-title elementor-size-default\">Prefilters<\/h3>\t\t<\/div>\n\t\t\t\t<\/div>\n\t\t\t\t<div class=\"elementor-element elementor-element-1f242767 fancylink elementor-widget elementor-widget-heading\" data-id=\"1f242767\" data-element_type=\"widget\" data-widget_type=\"heading.default\">\n\t\t\t\t<div class=\"elementor-widget-container\">\n\t\t\t<p class=\"elementor-heading-title elementor-size-default\">More information<\/p>\t\t<\/div>\n\t\t\t\t<\/div>\n\t\t\t\t<\/div>\n\t\t\t\t<div class=\"elementor-element elementor-element-23d43456 elementor-widget elementor-widget-image\" data-id=\"23d43456\" data-element_type=\"widget\" data-widget_type=\"image.default\">\n\t\t\t\t<div class=\"elementor-widget-container\">\n\t\t\t\t\t\t\t\t\t\t\t\t\t<img loading=\"lazy\" decoding=\"async\" width=\"152\" height=\"202\" src=\"https:\/\/e-c.22projects.sk\/wp-content\/uploads\/2024\/05\/DFA-1A-v1-4.png\" class=\"attachment-large size-large wp-image-13516\" alt=\"\" \/>\t\t\t\t\t\t\t\t\t\t\t\t\t<\/div>\n\t\t\t\t<\/div>\n\t\t\t\t\t<\/div>\n\t\t\t\t<\/a>\n\t\t\t\t\t<\/div>\n\t\t\t\t<\/div>\n\t\t\t\t<\/div>\n\t\t\t\t<\/div>\n\t\t\t\t<\/div>\n\t\t\t\t<\/div>\n\t\t\t\t<\/div>\n\t\t\t\t<\/div>\n\t\t","protected":false},"excerpt":{"rendered":"<p>VIQUA is the world&#8217;s leading supplier of UV water disinfection systems for residential and small commercial applications, providing treated water without the use of chemicals. The Canadian company has more than 40 years of experience in the residential UV industry, and the expertise and care in developing VIQUA products is second to none. Bacteria and [&hellip;]<\/p>\n","protected":false},"author":1,"featured_media":0,"parent":5344,"menu_order":0,"comment_status":"closed","ping_status":"closed","template":"","meta":{"_acf_changed":false,"footnotes":""},"acf":[],"_links":{"self":[{"href":"https:\/\/e-c.22projects.sk\/en\/wp-json\/wp\/v2\/pages\/5628"}],"collection":[{"href":"https:\/\/e-c.22projects.sk\/en\/wp-json\/wp\/v2\/pages"}],"about":[{"href":"https:\/\/e-c.22projects.sk\/en\/wp-json\/wp\/v2\/types\/page"}],"author":[{"embeddable":true,"href":"https:\/\/e-c.22projects.sk\/en\/wp-json\/wp\/v2\/users\/1"}],"replies":[{"embeddable":true,"href":"https:\/\/e-c.22projects.sk\/en\/wp-json\/wp\/v2\/comments?post=5628"}],"version-history":[{"count":5,"href":"https:\/\/e-c.22projects.sk\/en\/wp-json\/wp\/v2\/pages\/5628\/revisions"}],"predecessor-version":[{"id":15471,"href":"https:\/\/e-c.22projects.sk\/en\/wp-json\/wp\/v2\/pages\/5628\/revisions\/15471"}],"up":[{"embeddable":true,"href":"https:\/\/e-c.22projects.sk\/en\/wp-json\/wp\/v2\/pages\/5344"}],"wp:attachment":[{"href":"https:\/\/e-c.22projects.sk\/en\/wp-json\/wp\/v2\/media?parent=5628"}],"curies":[{"name":"wp","href":"https:\/\/api.w.org\/{rel}","templated":true}]}}